{"id":81,"date":"2017-02-07T15:26:28","date_gmt":"2017-02-07T14:26:28","guid":{"rendered":"http:\/\/www.sajuster.fr\/wp\/?page_id=81"},"modified":"2026-03-23T23:58:12","modified_gmt":"2026-03-23T22:58:12","slug":"clown","status":"publish","type":"page","link":"http:\/\/www.sajuster.fr\/wp\/clown\/","title":{"rendered":"Clown"},"content":{"rendered":"<div class=\"et_pb_section_0 et_pb_section et_section_specialty et_pb_gutters3 et_block_section\"><div class=\"et_pb_row et_block_row\"><div class=\"et_pb_column_0 et_pb_column et_pb_specialty_column et_pb_column_2_3 et_block_column et_pb_css_mix_blend_mode_passthrough\"><div class=\"et_pb_row_inner_0 et_pb_row_inner et_block_row\"><div class=\"et_pb_column_inner_0 et_pb_column_inner et_pb_column et_pb_column_1_3 et_block_column et_pb_css_mix_blend_mode_passthrough\"><div class=\"et_pb_divider_0 et_pb_divider et_pb_space et_pb_divider_position_top et_pb_module\"><div class=\"et_pb_divider_internal\"><\/div><\/div><div class=\"et_pb_text_0 et_pb_text et_pb_bg_layout_light et_pb_module et_block_module\"><div class=\"et_pb_text_inner\"><h1 style=\"text-align: center;\">\u00a0CLOWN<\/h1>\n<\/div><\/div><div class=\"et_pb_divider_1 et_pb_divider et_pb_space et_pb_divider_position_top et_pb_module\"><div class=\"et_pb_divider_internal\"><\/div><\/div><div class=\"et_pb_accordion_0 et_pb_accordion et_pb_module et_block_module montruc\"><div class=\"et_pb_accordion_item_0 et_pb_accordion_item et_pb_toggle et_pb_module et_pb_toggle_open et_block_module\"><div class=\"et_pb_toggle_content\"><h1 style=\"text-align: center;\"><a title=\"Stages clown\" href=\"http:\/\/www.sajuster.fr\/wp\/stages-clown\/\">STAGES CLOWN EN\u00a0ENTREPRISE<\/a><\/h1>\n<p style=\"color: #666666; text-align: center;\">\u00a0Stages clown en intra et inter entreprise Modules de 2h jusqu\u2019a 2 jours<\/p>\n<\/div><\/div><\/div><div class=\"et_pb_divider_2 et_pb_divider et_pb_space et_pb_divider_position_top et_pb_module\"><div class=\"et_pb_divider_internal\"><\/div><\/div><div class=\"et_pb_text_1 et_pb_text et_pb_bg_layout_light et_pb_module et_block_module\"><div class=\"et_pb_text_inner\"><h1 class=\"null\"><a href=\"http:\/\/20scenes-impro.com\/wp\/atelier-clown-francois\/\" target=\"_blank\" rel=\"noopener\"><img data-recalc-dims=\"1\" loading=\"lazy\" decoding=\"async\" style=\"border: 0px; width: 600px; height: 191px; margin: 0px;\" src=\"https:\/\/i0.wp.com\/gallery.mailchimp.com\/dd4b622b1d2ab20d5c2e4fcbb\/images\/5e5a2b64-d3ef-4495-accc-17d478f4617c.jpg?resize=600%2C191&#038;ssl=1\" width=\"600\" height=\"191\" data-file-id=\"2934081\" \/><\/a><\/h1>\n<h1 style=\"text-align: center;\">Vive la rentr\u00e9e<\/h1>\n<h2 style=\"text-align: center;\">Lancer\u00a0vous\u00a0dans le grand bain<br \/>\nFaites du clown?<\/h2>\n<p style=\"text-align: center;\">20scenes-impro vous propose pour\u00a0l'ann\u00e9e 2017\/18<\/p>\n<h3 style=\"text-align: center;\">\u00a0Clown avec Fran\u00e7ois Dufaux<\/h3>\n<p style=\"text-align: center;\">- Un atelier clown le lundi soir de 20h15 \u00e0 23h<br \/>\nD\u00e9but des cours le 25\u00a0septembre<\/p>\n<h4 style=\"text-align: center;\">Atelier d'essai\u00a0pour venir d\u00e9couvrir le clown :\u00a0le 25 septembre<\/h4>\n<p style=\"text-align: center;\">Toutes les infos sur le site<\/p>\n<h4 style=\"text-align: center;\"><a href=\"http:\/\/20scenes-impro.com\/wp\/atelier-clown-francois\/\">http:\/\/20scenes-impro.com<\/a><\/h4>\n<hr \/>\n<\/div><\/div><\/div><div class=\"et_pb_column_inner_1 et_pb_column_inner et_pb_column et_pb_column_1_3 et-last-child et_block_column et_pb_css_mix_blend_mode_passthrough\"><div class=\"et_pb_accordion_1 et_pb_accordion et_pb_module et_block_module\"><div class=\"et_pb_accordion_item_1 et_pb_accordion_item et_pb_toggle et_pb_module et_pb_toggle_open et_block_module\"><div class=\"et_pb_toggle_content\"><h1 style=\"text-align: center;\"><a href=\"http:\/\/20scenes-impro.com\/wp\/atelier-clown-francois\/\" target=\"_blank\" rel=\"noopener\">POUR LES PARTICULIERS<\/a><\/h1>\n<p style=\"text-align: center;\"><a href=\"http:\/\/20scenes-impro.com\/wp\/atelier-clown-francois\/\" target=\"_blank\" rel=\"noopener\"><img data-recalc-dims=\"1\" loading=\"lazy\" decoding=\"async\" class=\"alignnone wp-image-596\" src=\"https:\/\/i0.wp.com\/www.sajuster.fr\/wp\/wp-content\/uploads\/2017\/02\/logo-20scenes-390X53.png?resize=177%2C24\" alt=\"logo-20scenes-390X53\" width=\"177\" height=\"24\" \/><\/a><\/p>\n<p style=\"text-align: center;\">Atelier et stages clown a Vincennes<\/p>\n<\/div><\/div><\/div><div class=\"et_pb_accordion_2 et_pb_accordion et_pb_module et_block_module\"><div class=\"et_pb_accordion_item_2 et_pb_accordion_item et_pb_toggle et_pb_module et_pb_toggle_open et_block_module\"><div class=\"et_pb_toggle_content\"><h1 style=\"text-align: center;\"><a title=\"Les Ajusteurs\" href=\"http:\/\/sajuster.fr\/wp\/les-ajusteurs\/\">INTERVENTION CLOWN\u00a0<\/a><\/h1>\n<p style=\"text-align: center;\"><a href=\"http:\/\/sajuster.fr\/wp\/les-ajusteurs\/\"><img data-recalc-dims=\"1\" loading=\"lazy\" decoding=\"async\" class=\"alignnone wp-image-235\" src=\"https:\/\/i0.wp.com\/www.sajuster.fr\/wp\/wp-content\/uploads\/2017\/02\/logo-les-ajusteurs.png?resize=132%2C34\" alt=\"logo-les-ajusteurs\" width=\"132\" height=\"34\" \/><\/a><\/p>\n<p style=\"text-align: center;\">Intervention clowns pour cloturer vos s\u00e9minaire, AG, conf\u00e9rences...<\/p>\n<\/div><\/div><\/div><\/div><\/div><\/div><div class=\"et_pb_column_1 et_pb_column et_pb_column_single et_pb_column_1_3 et-last-child et_block_column et_pb_css_mix_blend_mode_passthrough\"><div class=\"et_pb_divider_3 et_pb_divider et_pb_space et_pb_divider_position_top et_pb_module\"><div class=\"et_pb_divider_internal\"><\/div><\/div><div class=\"et_pb_image_0 et_pb_image et_animated et_pb_module et_block_module\"><span class=\"et_pb_image_wrap\"><img data-recalc-dims=\"1\" loading=\"lazy\" decoding=\"async\" src=\"https:\/\/i0.wp.com\/www.sajuster.fr\/wp\/wp-content\/uploads\/2017\/02\/clown-groupe-penche3.png?resize=338%2C433\" width=\"338\" height=\"433\" srcset=\"https:\/\/i0.wp.com\/www.sajuster.fr\/wp\/wp-content\/uploads\/2017\/02\/clown-groupe-penche3.png?w=338 338w, https:\/\/i0.wp.com\/www.sajuster.fr\/wp\/wp-content\/uploads\/2017\/02\/clown-groupe-penche3.png?resize=234%2C300 234w\" sizes=\"(max-width: 338px) 100vw, 338px\" class=\"wp-image-47\" \/><\/span><\/div><\/div><\/div><\/div>","protected":false},"excerpt":{"rendered":"","protected":false},"author":1,"featured_media":0,"parent":0,"menu_order":0,"comment_status":"closed","ping_status":"closed","template":"","meta":{"footnotes":""},"class_list":["post-81","page","type-page","status-publish","hentry"],"yoast_head":"<!-- This site is optimized with the Yoast SEO plugin v27.6 - https:\/\/yoast.com\/product\/yoast-seo-wordpress\/ -->\n<title>Clown - Pascale Gallard<\/title>\n<meta name=\"robots\" content=\"index, follow, max-snippet:-1, max-image-preview:large, max-video-preview:-1\" \/>\n<link rel=\"canonical\" href=\"https:\/\/www.sajuster.fr\/wp\/clown\/\" \/>\n<meta property=\"og:locale\" content=\"fr_FR\" \/>\n<meta property=\"og:type\" content=\"article\" \/>\n<meta property=\"og:title\" content=\"Clown - Pascale Gallard\" \/>\n<meta property=\"og:url\" content=\"https:\/\/www.sajuster.fr\/wp\/clown\/\" \/>\n<meta property=\"og:site_name\" content=\"Pascale Gallard\" \/>\n<meta property=\"article:modified_time\" content=\"2026-03-23T22:58:12+00:00\" \/>\n<meta name=\"twitter:card\" content=\"summary_large_image\" \/>\n<script type=\"application\/ld+json\" class=\"yoast-schema-graph\">{\"@context\":\"https:\\\/\\\/schema.org\",\"@graph\":[{\"@type\":\"WebPage\",\"@id\":\"https:\\\/\\\/www.sajuster.fr\\\/wp\\\/clown\\\/\",\"url\":\"https:\\\/\\\/www.sajuster.fr\\\/wp\\\/clown\\\/\",\"name\":\"Clown - Pascale Gallard\",\"isPartOf\":{\"@id\":\"https:\\\/\\\/www.sajuster.fr\\\/wp\\\/#website\"},\"datePublished\":\"2017-02-07T14:26:28+00:00\",\"dateModified\":\"2026-03-23T22:58:12+00:00\",\"breadcrumb\":{\"@id\":\"https:\\\/\\\/www.sajuster.fr\\\/wp\\\/clown\\\/#breadcrumb\"},\"inLanguage\":\"fr-FR\",\"potentialAction\":[{\"@type\":\"ReadAction\",\"target\":[\"https:\\\/\\\/www.sajuster.fr\\\/wp\\\/clown\\\/\"]}]},{\"@type\":\"BreadcrumbList\",\"@id\":\"https:\\\/\\\/www.sajuster.fr\\\/wp\\\/clown\\\/#breadcrumb\",\"itemListElement\":[{\"@type\":\"ListItem\",\"position\":1,\"name\":\"Accueil\",\"item\":\"https:\\\/\\\/www.sajuster.fr\\\/wp\\\/\"},{\"@type\":\"ListItem\",\"position\":2,\"name\":\"Clown\"}]},{\"@type\":\"WebSite\",\"@id\":\"https:\\\/\\\/www.sajuster.fr\\\/wp\\\/#website\",\"url\":\"https:\\\/\\\/www.sajuster.fr\\\/wp\\\/\",\"name\":\"Pascale Gallard\",\"description\":\"Psychoth\u00e9rapie, gestalt th\u00e9rapeute, psychologue, \u00e0 vincennes, st mand\u00e9, Montreuil\",\"potentialAction\":[{\"@type\":\"SearchAction\",\"target\":{\"@type\":\"EntryPoint\",\"urlTemplate\":\"https:\\\/\\\/www.sajuster.fr\\\/wp\\\/?s={search_term_string}\"},\"query-input\":{\"@type\":\"PropertyValueSpecification\",\"valueRequired\":true,\"valueName\":\"search_term_string\"}}],\"inLanguage\":\"fr-FR\"}]}<\/script>\n<!-- \/ Yoast SEO plugin. -->","yoast_head_json":{"title":"Clown - Pascale Gallard","robots":{"index":"index","follow":"follow","max-snippet":"max-snippet:-1","max-image-preview":"max-image-preview:large","max-video-preview":"max-video-preview:-1"},"canonical":"https:\/\/www.sajuster.fr\/wp\/clown\/","og_locale":"fr_FR","og_type":"article","og_title":"Clown - Pascale Gallard","og_url":"https:\/\/www.sajuster.fr\/wp\/clown\/","og_site_name":"Pascale Gallard","article_modified_time":"2026-03-23T22:58:12+00:00","twitter_card":"summary_large_image","schema":{"@context":"https:\/\/schema.org","@graph":[{"@type":"WebPage","@id":"https:\/\/www.sajuster.fr\/wp\/clown\/","url":"https:\/\/www.sajuster.fr\/wp\/clown\/","name":"Clown - Pascale Gallard","isPartOf":{"@id":"https:\/\/www.sajuster.fr\/wp\/#website"},"datePublished":"2017-02-07T14:26:28+00:00","dateModified":"2026-03-23T22:58:12+00:00","breadcrumb":{"@id":"https:\/\/www.sajuster.fr\/wp\/clown\/#breadcrumb"},"inLanguage":"fr-FR","potentialAction":[{"@type":"ReadAction","target":["https:\/\/www.sajuster.fr\/wp\/clown\/"]}]},{"@type":"BreadcrumbList","@id":"https:\/\/www.sajuster.fr\/wp\/clown\/#breadcrumb","itemListElement":[{"@type":"ListItem","position":1,"name":"Accueil","item":"https:\/\/www.sajuster.fr\/wp\/"},{"@type":"ListItem","position":2,"name":"Clown"}]},{"@type":"WebSite","@id":"https:\/\/www.sajuster.fr\/wp\/#website","url":"https:\/\/www.sajuster.fr\/wp\/","name":"Pascale Gallard","description":"Psychoth\u00e9rapie, gestalt th\u00e9rapeute, psychologue, \u00e0 vincennes, st mand\u00e9, Montreuil","potentialAction":[{"@type":"SearchAction","target":{"@type":"EntryPoint","urlTemplate":"https:\/\/www.sajuster.fr\/wp\/?s={search_term_string}"},"query-input":{"@type":"PropertyValueSpecification","valueRequired":true,"valueName":"search_term_string"}}],"inLanguage":"fr-FR"}]}},"jetpack_shortlink":"https:\/\/wp.me\/P9asEu-1j","jetpack_sharing_enabled":true,"_links":{"self":[{"href":"http:\/\/www.sajuster.fr\/wp\/wp-json\/wp\/v2\/pages\/81","targetHints":{"allow":["GET"]}}],"collection":[{"href":"http:\/\/www.sajuster.fr\/wp\/wp-json\/wp\/v2\/pages"}],"about":[{"href":"http:\/\/www.sajuster.fr\/wp\/wp-json\/wp\/v2\/types\/page"}],"author":[{"embeddable":true,"href":"http:\/\/www.sajuster.fr\/wp\/wp-json\/wp\/v2\/users\/1"}],"replies":[{"embeddable":true,"href":"http:\/\/www.sajuster.fr\/wp\/wp-json\/wp\/v2\/comments?post=81"}],"version-history":[{"count":6,"href":"http:\/\/www.sajuster.fr\/wp\/wp-json\/wp\/v2\/pages\/81\/revisions"}],"predecessor-version":[{"id":1805,"href":"http:\/\/www.sajuster.fr\/wp\/wp-json\/wp\/v2\/pages\/81\/revisions\/1805"}],"wp:attachment":[{"href":"http:\/\/www.sajuster.fr\/wp\/wp-json\/wp\/v2\/media?parent=81"}],"curies":[{"name":"wp","href":"https:\/\/api.w.org\/{rel}","templated":true}]}}